{"id":30340,"date":"2024-06-03T16:01:00","date_gmt":"2024-06-03T16:01:00","guid":{"rendered":"https:\/\/zgbkbearings.com\/?page_id=30340"},"modified":"2025-12-25T07:11:30","modified_gmt":"2025-12-25T07:11:30","slug":"unser-prozess","status":"publish","type":"page","link":"https:\/\/zgbkbearings.com\/de\/unser-prozess\/","title":{"rendered":"Unser Prozess"},"content":{"rendered":"<div data-elementor-type=\"wp-page\" data-elementor-id=\"30340\" class=\"elementor elementor-30340\" data-elementor-post-type=\"page\">\n\t\t\t\t\t\t<section class=\"elementor-section elementor-top-section elementor-element elementor-element-51de772 elementor-section-boxed elementor-section-height-default elementor-section-height-default sc_fly_static\" data-id=\"51de772\" data-element_type=\"section\">\n\t\t\t\t\t\t<div class=\"elementor-container elementor-column-gap-extended\">\n\t\t\t\t\t<div class=\"elementor-column elementor-col-100 elementor-top-column elementor-element elementor-element-a2cf041 sc_content_align_inherit sc_layouts_column_icons_position_left sc_fly_static\" data-id=\"a2cf041\" data-element_type=\"column\">\n\t\t\t<div class=\"elementor-widget-wrap elementor-element-populated\">\n\t\t\t\t\t\t<div class=\"elementor-element elementor-element-5426956 sc_height_huge sc_fly_static elementor-widget elementor-widget-spacer\" data-id=\"5426956\" data-element_type=\"widget\" data-widget_type=\"spacer.default\">\n\t\t\t\t<div class=\"elementor-widget-container\">\n\t\t\t\t\t\t\t<div class=\"elementor-spacer\">\n\t\t\t<div class=\"elementor-spacer-inner\"><\/div>\n\t\t<\/div>\n\t\t\t\t\t\t<\/div>\n\t\t\t\t<\/div>\n\t\t\t\t<div class=\"elementor-element elementor-element-6840b95 elementor-widget__width-initial sc_fly_static elementor-widget elementor-widget-trx_sc_title\" data-id=\"6840b95\" data-element_type=\"widget\" data-widget_type=\"trx_sc_title.default\">\n\t\t\t\t<div class=\"elementor-widget-container\">\n\t\t\t\t\t<div\t\tclass=\"sc_title sc_title_default\" ><span class=\"sc_item_subtitle sc_title_subtitle sc_item_subtitle_above sc_item_title_style_default\">Top-L\u00f6sungen<\/span><h1 class=\"sc_item_title sc_title_title sc_item_title_style_default sc_item_title_tag\"\n\t\t\t><span class=\"sc_item_title_text\">Wir entwickeln moderne Fertigungsprozesse<\/span><\/h1><\/div>\t\t\t\t<\/div>\n\t\t\t\t<\/div>\n\t\t\t\t<div class=\"elementor-element elementor-element-d8a9d3d sc_height_medium sc_fly_static elementor-widget elementor-widget-spacer\" data-id=\"d8a9d3d\" data-element_type=\"widget\" data-widget_type=\"spacer.default\">\n\t\t\t\t<div class=\"elementor-widget-container\">\n\t\t\t\t\t\t\t<div class=\"elementor-spacer\">\n\t\t\t<div class=\"elementor-spacer-inner\"><\/div>\n\t\t<\/div>\n\t\t\t\t\t\t<\/div>\n\t\t\t\t<\/div>\n\t\t\t\t<div class=\"elementor-element elementor-element-2f2afda sc_height_medium sc_fly_static elementor-widget elementor-widget-spacer\" data-id=\"2f2afda\" data-element_type=\"widget\" data-widget_type=\"spacer.default\">\n\t\t\t\t<div class=\"elementor-widget-container\">\n\t\t\t\t\t\t\t<div class=\"elementor-spacer\">\n\t\t\t<div class=\"elementor-spacer-inner\"><\/div>\n\t\t<\/div>\n\t\t\t\t\t\t<\/div>\n\t\t\t\t<\/div>\n\t\t\t\t<section class=\"elementor-section elementor-inner-section elementor-element elementor-element-0012e72 elementor-section-boxed elementor-section-height-default elementor-section-height-default sc_fly_static\" data-id=\"0012e72\" data-element_type=\"section\">\n\t\t\t\t\t\t<div class=\"elementor-container elementor-column-gap-extended\">\n\t\t\t\t\t<div class=\"elementor-column elementor-col-50 elementor-inner-column elementor-element elementor-element-54bd232 sc_content_align_inherit sc_layouts_column_icons_position_left sc_fly_static\" data-id=\"54bd232\" data-element_type=\"column\">\n\t\t\t<div class=\"elementor-widget-wrap elementor-element-populated\">\n\t\t\t\t\t\t<div class=\"elementor-element elementor-element-01c5684 sc_fly_static elementor-widget elementor-widget-html\" data-id=\"01c5684\" data-element_type=\"widget\" data-widget_type=\"html.default\">\n\t\t\t\t<div class=\"elementor-widget-container\">\n\t\t\t\t\t<div style=\"font-family: Arial, Helvetica, sans-serif; color: #000; line-height: 1.6; max-width: 500px; padding: 20px; background-color: #f4f4f4; border: 1px solid #ddd; border-radius: 8px;\">\r\n\r\n    <h3 style=\"background-color: #e0e0e0; padding: 10px; border-left: 5px solid #888; margin-bottom: 25px;\">\r\n        <a href=\"https:\/\/zgbkbearings.com\/de\/produkte\/\" style=\"text-decoration: none; color: #000;\">ZGBK Lager<\/a>\r\n    <\/h3>\r\n\r\n    <div style=\"display: flex; flex-direction: column; gap: 20px;\">\r\n        <div style=\"display: flex; align-items: flex-start; gap: 15px;\">\r\n            <div style=\"background: #777; color: white; min-width: 40px; height: 40px; border-radius: 50%; display: flex; align-items: center; justify-content: center; font-weight: bold;\">01<\/div>\r\n            <div>\r\n                <h4 style=\"margin: 0 0 5px 0; color: #000;\">Modell ausw\u00e4hlen<\/h4>\r\n                <p style=\"margin: 0;\">Durchsuchen Sie die verf\u00fcgbaren ZGBK-Lager und w\u00e4hlen Sie das exakt ben\u00f6tigte Modell aus.<\/p>\r\n            <\/div>\r\n        <\/div>\r\n        <div style=\"display: flex; align-items: flex-start; gap: 15px;\">\r\n            <div style=\"background: #777; color: white; min-width: 40px; height: 40px; border-radius: 50%; display: flex; align-items: center; justify-content: center; font-weight: bold;\">02<\/div>\r\n            <div>\r\n                <h4 style=\"margin: 0 0 5px 0; color: #000;\">Aktienbest\u00e4tigung<\/h4>\r\n                <p style=\"margin: 0;\">Unser Team best\u00e4tigt die Verf\u00fcgbarkeit der Artikel f\u00fcr den sofortigen Versand.<\/p>\r\n            <\/div>\r\n        <\/div>\r\n        <div style=\"display: flex; align-items: flex-start; gap: 15px;\">\r\n            <div style=\"background: #777; color: white; min-width: 40px; height: 40px; border-radius: 50%; display: flex; align-items: center; justify-content: center; font-weight: bold;\">03<\/div>\r\n            <div>\r\n                <h4 style=\"margin: 0 0 5px 0; color: #000;\">Zitat<\/h4>\r\n                <p style=\"margin: 0;\">Sie erhalten umgehend ein Preisangebot basierend auf dem ausgew\u00e4hlten Modell und der Menge.<\/p>\r\n            <\/div>\r\n        <\/div>\r\n        <div style=\"display: flex; align-items: flex-start; gap: 15px;\">\r\n            <div style=\"background: #777; color: white; min-width: 40px; height: 40px; border-radius: 50%; display: flex; align-items: center; justify-content: center; font-weight: bold;\">04<\/div>\r\n            <div>\r\n                <h4 style=\"margin: 0 0 5px 0; color: #000;\">Zahlung &amp; Lieferung<\/h4>\r\n                <p style=\"margin: 0;\">Sobald die Zahlung eingegangen ist, werden die Lager verpackt und direkt ab Lager versandt.<\/p>\r\n            <\/div>\r\n        <\/div>\r\n    <\/div>\r\n\r\n<\/div>\r\n\t\t\t\t<\/div>\n\t\t\t\t<\/div>\n\t\t\t\t\t<\/div>\n\t\t<\/div>\n\t\t\t\t<div class=\"elementor-column elementor-col-50 elementor-inner-column elementor-element elementor-element-686969b sc_content_align_inherit sc_layouts_column_icons_position_left sc_fly_static\" data-id=\"686969b\" data-element_type=\"column\">\n\t\t\t<div class=\"elementor-widget-wrap elementor-element-populated\">\n\t\t\t\t\t\t<div class=\"elementor-element elementor-element-281c212 sc_fly_static elementor-widget elementor-widget-html\" data-id=\"281c212\" data-element_type=\"widget\" data-widget_type=\"html.default\">\n\t\t\t\t<div class=\"elementor-widget-container\">\n\t\t\t\t\t<div style=\"font-family: Arial, Helvetica, sans-serif; color: #000; line-height: 1.6; max-width: 500px; padding: 20px; background-color: #e6f2ff; border: 1px solid #b3d1ff; border-radius: 8px;\">\r\n\r\n    <h3 style=\"background-color: #cce6ff; padding: 10px; border-left: 5px solid #3399ff; margin-bottom: 25px;\">\r\n        <a href=\"https:\/\/zgbkbearings.com\/de\/angebot-anfordern\/\" style=\"text-decoration: none; color: #000;\">OEM-kundenspezifische Lager<\/a>\r\n    <\/h3>\r\n\r\n    <div style=\"display: flex; flex-direction: column; gap: 20px;\">\r\n        <div style=\"display: flex; align-items: flex-start; gap: 15px;\">\r\n            <div style=\"background: #3399ff; color: white; min-width: 40px; height: 40px; border-radius: 50%; display: flex; align-items: center; justify-content: center; font-weight: bold;\">01<\/div>\r\n            <div>\r\n                <h4 style=\"margin: 0 0 5px 0; color: #000;\">Anfrage &amp; Beratung<\/h4>\r\n                <p style=\"margin: 0;\">Reichen Sie Zeichnungen oder Spezifikationen ein. Ingenieure pr\u00fcfen die Machbarkeit, schlagen Materialien vor und erstellen Angebote.<\/p>\r\n            <\/div>\r\n        <\/div>\r\n        <div style=\"display: flex; align-items: flex-start; gap: 15px;\">\r\n            <div style=\"background: #3399ff; color: white; min-width: 40px; height: 40px; border-radius: 50%; display: flex; align-items: center; justify-content: center; font-weight: bold;\">02<\/div>\r\n            <div>\r\n                <h4 style=\"margin: 0 0 5px 0; color: #000;\">Konstruktion &amp; Entwicklung<\/h4>\r\n                <p style=\"margin: 0;\">Ma\u00dfgeschneiderte Designs, Materialauswahl, Toleranzplanung und optimiertes Produktionslayout f\u00fcr jeden Kunden.<\/p>\r\n            <\/div>\r\n        <\/div>\r\n        <div style=\"display: flex; align-items: flex-start; gap: 15px;\">\r\n            <div style=\"background: #3399ff; color: white; min-width: 40px; height: 40px; border-radius: 50%; display: flex; align-items: center; justify-content: center; font-weight: bold;\">03<\/div>\r\n            <div>\r\n                <h4 style=\"margin: 0 0 5px 0; color: #000;\">Fertigung &amp; W\u00e4rmebehandlung<\/h4>\r\n                <p style=\"margin: 0;\">Ringe und Komponenten werden nach exakten Vorgaben f\u00fcr OEM-Auftr\u00e4ge bearbeitet und w\u00e4rmebehandelt.<\/p>\r\n            <\/div>\r\n        <\/div>\r\n        <div style=\"display: flex; align-items: flex-start; gap: 15px;\">\r\n            <div style=\"background: #3399ff; color: white; min-width: 40px; height: 40px; border-radius: 50%; display: flex; align-items: center; justify-content: center; font-weight: bold;\">04<\/div>\r\n            <div>\r\n                <h4 style=\"margin: 0 0 5px 0; color: #000;\">Montage und Inspektion<\/h4>\r\n                <p style=\"margin: 0;\">Die Komponenten werden gem\u00e4\u00df Kundenspezifikation montiert. Umfassende Qualit\u00e4tspr\u00fcfungen gew\u00e4hrleisten die Einhaltung der Vorgaben.<\/p>\r\n            <\/div>\r\n        <\/div>\r\n        <div style=\"display: flex; align-items: flex-start; gap: 15px;\">\r\n            <div style=\"background: #3399ff; color: white; min-width: 40px; height: 40px; border-radius: 50%; display: flex; align-items: center; justify-content: center; font-weight: bold;\">05<\/div>\r\n            <div>\r\n                <h4 style=\"margin: 0 0 5px 0; color: #000;\">Schmierung, Markenbildung &amp; Lieferung<\/h4>\r\n                <p style=\"margin: 0;\">Schmierstoffe werden auftragsbezogen aufgetragen. Lager werden laserbeschriftet, vakuumverpackt und weltweit versendet.<\/p>\r\n            <\/div>\r\n        <\/div>\r\n    <\/div>\r\n\r\n<\/div>\r\n\t\t\t\t<\/div>\n\t\t\t\t<\/div>\n\t\t\t\t\t<\/div>\n\t\t<\/div>\n\t\t\t\t\t<\/div>\n\t\t<\/section>\n\t\t\t\t<div class=\"elementor-element elementor-element-36e6969 sc_height_medium sc_fly_static elementor-widget elementor-widget-spacer\" data-id=\"36e6969\" data-element_type=\"widget\" data-widget_type=\"spacer.default\">\n\t\t\t\t<div class=\"elementor-widget-container\">\n\t\t\t\t\t\t\t<div class=\"elementor-spacer\">\n\t\t\t<div class=\"elementor-spacer-inner\"><\/div>\n\t\t<\/div>\n\t\t\t\t\t\t<\/div>\n\t\t\t\t<\/div>\n\t\t\t\t<div class=\"elementor-element elementor-element-1d01a57 sc_height_large sc_fly_static elementor-widget elementor-widget-spacer\" data-id=\"1d01a57\" data-element_type=\"widget\" data-widget_type=\"spacer.default\">\n\t\t\t\t<div class=\"elementor-widget-container\">\n\t\t\t\t\t\t\t<div class=\"elementor-spacer\">\n\t\t\t<div class=\"elementor-spacer-inner\"><\/div>\n\t\t<\/div>\n\t\t\t\t\t\t<\/div>\n\t\t\t\t<\/div>\n\t\t\t\t\t<\/div>\n\t\t<\/div>\n\t\t\t\t\t<\/div>\n\t\t<\/section>\n\t\t\t\t<section data-stack-section-zoom-value=\"0.8\" data-stack-section-transparency-value=\"0\" data-stack-section-blur-value=\"10\" class=\"elementor-section elementor-top-section elementor-element elementor-element-41c09d91 elementor-section-full_width elementor-section-height-min-height elementor-section-items-stretch sc_stack_section_on sc_stack_section_zoom_on elementor-section-height-default sc_fly_static sc_stack_section_effect_slide\" data-id=\"41c09d91\" data-element_type=\"section\">\n\t\t\t\t\t\t<div class=\"elementor-container elementor-column-gap-no\">\n\t\t\t\t\t<div class=\"elementor-column elementor-col-50 elementor-top-column elementor-element elementor-element-2be50129 sc_content_align_inherit sc_layouts_column_icons_position_left sc_fly_static\" data-id=\"2be50129\" data-element_type=\"column\" data-settings=\"{&quot;background_background&quot;:&quot;classic&quot;}\">\n\t\t\t<div class=\"elementor-widget-wrap elementor-element-populated\">\n\t\t\t\t\t\t<div class=\"elementor-element elementor-element-584af947 sc_fly_static elementor-widget elementor-widget-spacer\" data-id=\"584af947\" data-element_type=\"widget\" data-widget_type=\"spacer.default\">\n\t\t\t\t<div class=\"elementor-widget-container\">\n\t\t\t\t\t\t\t<div class=\"elementor-spacer\">\n\t\t\t<div class=\"elementor-spacer-inner\"><\/div>\n\t\t<\/div>\n\t\t\t\t\t\t<\/div>\n\t\t\t\t<\/div>\n\t\t\t\t\t<\/div>\n\t\t<\/div>\n\t\t\t\t<div class=\"elementor-column elementor-col-50 elementor-top-column elementor-element elementor-element-7ad66ddc scheme_light sc_content_align_inherit sc_layouts_column_icons_position_left sc_fly_static\" data-id=\"7ad66ddc\" data-element_type=\"column\" data-settings=\"{&quot;background_background&quot;:&quot;classic&quot;}\">\n\t\t\t<div class=\"elementor-widget-wrap elementor-element-populated\">\n\t\t\t\t\t\t<div class=\"elementor-element elementor-element-37aaa707 sc_fly_static elementor-widget elementor-widget-heading\" data-id=\"37aaa707\" data-element_type=\"widget\" data-widget_type=\"heading.default\">\n\t\t\t\t<div class=\"elementor-widget-container\">\n\t\t\t\t\t<h5 class=\"elementor-heading-title elementor-size-default\">01<\/h5>\t\t\t\t<\/div>\n\t\t\t\t<\/div>\n\t\t\t\t<div class=\"elementor-element elementor-element-41bb62ab sc_fly_static elementor-widget elementor-widget-trx_sc_title\" data-id=\"41bb62ab\" data-element_type=\"widget\" data-widget_type=\"trx_sc_title.default\">\n\t\t\t\t<div class=\"elementor-widget-container\">\n\t\t\t\t\t<div\t\tclass=\"sc_title sc_title_default\" ><span class=\"sc_item_subtitle sc_title_subtitle sc_item_subtitle_above sc_item_title_style_default\">Lager hergestellt<\/span><h1 class=\"sc_item_title sc_title_title sc_item_title_style_default sc_item_title_tag\"\n\t\t\t><span class=\"sc_item_title_text\">Panorama<\/span><\/h1><\/div>\t\t\t\t<\/div>\n\t\t\t\t<\/div>\n\t\t\t\t<div class=\"elementor-element elementor-element-3c3036a9 sc_fly_static elementor-widget elementor-widget-trx_sc_button\" data-id=\"3c3036a9\" data-element_type=\"widget\" data-widget_type=\"trx_sc_button.default\">\n\t\t\t\t<div class=\"elementor-widget-container\">\n\t\t\t\t\t<div\tclass=\"sc_item_button sc_button_wrap\" ><a href=\"https:\/\/zgbkbearings.com\/de\/lagerlosung\/\" class=\"sc_button sc_button_simple sc_button_size_normal sc_button_icon_left color_style_dark\" ><span class=\"sc_button_text\"><span class=\"sc_button_title\">L\u00f6sung anzeigen<\/span><\/span><\/a><\/div>\t\t\t\t<\/div>\n\t\t\t\t<\/div>\n\t\t\t\t\t<\/div>\n\t\t<\/div>\n\t\t\t\t\t<\/div>\n\t\t<\/section>\n\t\t\t\t<section data-stack-section-zoom-value=\"0.8\" data-stack-section-transparency-value=\"0\" data-stack-section-blur-value=\"10\" class=\"elementor-section elementor-top-section elementor-element elementor-element-4cdf8dd4 elementor-section-full_width elementor-section-height-min-height elementor-section-items-stretch sc_stack_section_on sc_stack_section_zoom_on elementor-section-height-default sc_fly_static sc_stack_section_effect_slide\" data-id=\"4cdf8dd4\" data-element_type=\"section\">\n\t\t\t\t\t\t<div class=\"elementor-container elementor-column-gap-no\">\n\t\t\t\t\t<div class=\"elementor-column elementor-col-50 elementor-top-column elementor-element elementor-element-59def352 sc_content_align_inherit sc_layouts_column_icons_position_left sc_fly_static\" data-id=\"59def352\" data-element_type=\"column\" data-settings=\"{&quot;background_background&quot;:&quot;classic&quot;}\">\n\t\t\t<div class=\"elementor-widget-wrap elementor-element-populated\">\n\t\t\t\t\t\t<div class=\"elementor-element elementor-element-4257d546 sc_fly_static elementor-widget elementor-widget-spacer\" data-id=\"4257d546\" data-element_type=\"widget\" data-widget_type=\"spacer.default\">\n\t\t\t\t<div class=\"elementor-widget-container\">\n\t\t\t\t\t\t\t<div class=\"elementor-spacer\">\n\t\t\t<div class=\"elementor-spacer-inner\"><\/div>\n\t\t<\/div>\n\t\t\t\t\t\t<\/div>\n\t\t\t\t<\/div>\n\t\t\t\t\t<\/div>\n\t\t<\/div>\n\t\t\t\t<div class=\"elementor-column elementor-col-50 elementor-top-column elementor-element elementor-element-5fa18796 scheme_light sc_content_align_inherit sc_layouts_column_icons_position_left sc_fly_static\" data-id=\"5fa18796\" data-element_type=\"column\" data-settings=\"{&quot;background_background&quot;:&quot;classic&quot;}\">\n\t\t\t<div class=\"elementor-widget-wrap elementor-element-populated\">\n\t\t\t\t\t\t<div class=\"elementor-element elementor-element-78c3d509 sc_fly_static elementor-widget elementor-widget-heading\" data-id=\"78c3d509\" data-element_type=\"widget\" data-widget_type=\"heading.default\">\n\t\t\t\t<div class=\"elementor-widget-container\">\n\t\t\t\t\t<h5 class=\"elementor-heading-title elementor-size-default\">02<\/h5>\t\t\t\t<\/div>\n\t\t\t\t<\/div>\n\t\t\t\t<div class=\"elementor-element elementor-element-9f8bde0 sc_fly_static elementor-widget elementor-widget-trx_sc_title\" data-id=\"9f8bde0\" data-element_type=\"widget\" data-widget_type=\"trx_sc_title.default\">\n\t\t\t\t<div class=\"elementor-widget-container\">\n\t\t\t\t\t<div\t\tclass=\"sc_title sc_title_default\" ><span class=\"sc_item_subtitle sc_title_subtitle sc_item_subtitle_above sc_item_title_style_default\">Lager hergestellt<\/span><h1 class=\"sc_item_title sc_title_title sc_item_title_style_default sc_item_title_tag\"\n\t\t\t><span class=\"sc_item_title_text\">Professionelle Produktionslinie<\/span><\/h1><\/div>\t\t\t\t<\/div>\n\t\t\t\t<\/div>\n\t\t\t\t<div class=\"elementor-element elementor-element-4ef52db2 sc_fly_static elementor-widget elementor-widget-trx_sc_button\" data-id=\"4ef52db2\" data-element_type=\"widget\" data-widget_type=\"trx_sc_button.default\">\n\t\t\t\t<div class=\"elementor-widget-container\">\n\t\t\t\t\t<div\tclass=\"sc_item_button sc_button_wrap\" ><a href=\"https:\/\/zgbkbearings.com\/de\/lagerlosung\/\" class=\"sc_button sc_button_simple sc_button_size_normal sc_button_icon_left color_style_dark\" ><span class=\"sc_button_text\"><span class=\"sc_button_title\">L\u00f6sung anzeigen<\/span><\/span><\/a><\/div>\t\t\t\t<\/div>\n\t\t\t\t<\/div>\n\t\t\t\t\t<\/div>\n\t\t<\/div>\n\t\t\t\t\t<\/div>\n\t\t<\/section>\n\t\t\t\t<section data-stack-section-zoom-value=\"0.8\" data-stack-section-transparency-value=\"0\" data-stack-section-blur-value=\"10\" class=\"elementor-section elementor-top-section elementor-element elementor-element-af24958 elementor-section-full_width elementor-section-height-min-height elementor-section-items-stretch sc_stack_section_on sc_stack_section_zoom_on elementor-section-height-default sc_fly_static sc_stack_section_effect_slide\" data-id=\"af24958\" data-element_type=\"section\">\n\t\t\t\t\t\t<div class=\"elementor-container elementor-column-gap-no\">\n\t\t\t\t\t<div class=\"elementor-column elementor-col-50 elementor-top-column elementor-element elementor-element-743afeb0 sc_content_align_inherit sc_layouts_column_icons_position_left sc_fly_static\" data-id=\"743afeb0\" data-element_type=\"column\" data-settings=\"{&quot;background_background&quot;:&quot;classic&quot;}\">\n\t\t\t<div class=\"elementor-widget-wrap elementor-element-populated\">\n\t\t\t\t\t\t<div class=\"elementor-element elementor-element-8e635b3 sc_fly_static elementor-widget elementor-widget-spacer\" data-id=\"8e635b3\" data-element_type=\"widget\" data-widget_type=\"spacer.default\">\n\t\t\t\t<div class=\"elementor-widget-container\">\n\t\t\t\t\t\t\t<div class=\"elementor-spacer\">\n\t\t\t<div class=\"elementor-spacer-inner\"><\/div>\n\t\t<\/div>\n\t\t\t\t\t\t<\/div>\n\t\t\t\t<\/div>\n\t\t\t\t\t<\/div>\n\t\t<\/div>\n\t\t\t\t<div class=\"elementor-column elementor-col-50 elementor-top-column elementor-element elementor-element-44eecda3 scheme_light sc_content_align_inherit sc_layouts_column_icons_position_left sc_fly_static\" data-id=\"44eecda3\" data-element_type=\"column\" data-settings=\"{&quot;background_background&quot;:&quot;classic&quot;}\">\n\t\t\t<div class=\"elementor-widget-wrap elementor-element-populated\">\n\t\t\t\t\t\t<div class=\"elementor-element elementor-element-39ece55d sc_fly_static elementor-widget elementor-widget-heading\" data-id=\"39ece55d\" data-element_type=\"widget\" data-widget_type=\"heading.default\">\n\t\t\t\t<div class=\"elementor-widget-container\">\n\t\t\t\t\t<h5 class=\"elementor-heading-title elementor-size-default\">03<\/h5>\t\t\t\t<\/div>\n\t\t\t\t<\/div>\n\t\t\t\t<div class=\"elementor-element elementor-element-52381654 sc_fly_static elementor-widget elementor-widget-trx_sc_title\" data-id=\"52381654\" data-element_type=\"widget\" data-widget_type=\"trx_sc_title.default\">\n\t\t\t\t<div class=\"elementor-widget-container\">\n\t\t\t\t\t<div\t\tclass=\"sc_title sc_title_default\" ><span class=\"sc_item_subtitle sc_title_subtitle sc_item_subtitle_above sc_item_title_style_default\">Lager hergestellt<\/span><h1 class=\"sc_item_title sc_title_title sc_item_title_style_default sc_item_title_tag\"\n\t\t\t><span class=\"sc_item_title_text\">Qualit\u00e4t ist mehr wert <\/span><\/h1><\/div>\t\t\t\t<\/div>\n\t\t\t\t<\/div>\n\t\t\t\t<div class=\"elementor-element elementor-element-2478678a sc_fly_static elementor-widget elementor-widget-trx_sc_button\" data-id=\"2478678a\" data-element_type=\"widget\" data-widget_type=\"trx_sc_button.default\">\n\t\t\t\t<div class=\"elementor-widget-container\">\n\t\t\t\t\t<div\tclass=\"sc_item_button sc_button_wrap\" ><a href=\"https:\/\/zgbkbearings.com\/de\/lagerlosung\/\" class=\"sc_button sc_button_simple sc_button_size_normal sc_button_icon_left color_style_dark\" ><span class=\"sc_button_text\"><span class=\"sc_button_title\">L\u00f6sung anzeigen<\/span><\/span><\/a><\/div>\t\t\t\t<\/div>\n\t\t\t\t<\/div>\n\t\t\t\t\t<\/div>\n\t\t<\/div>\n\t\t\t\t\t<\/div>\n\t\t<\/section>\n\t\t\t\t<section class=\"elementor-section elementor-top-section elementor-element elementor-element-f71afa0 elementor-section-boxed elementor-section-height-default elementor-section-height-default sc_fly_static\" data-id=\"f71afa0\" data-element_type=\"section\">\n\t\t\t\t\t\t<div class=\"elementor-container elementor-column-gap-extended\">\n\t\t\t\t\t<div class=\"elementor-column elementor-col-100 elementor-top-column elementor-element elementor-element-08f46c6 sc_content_align_inherit sc_layouts_column_icons_position_left sc_fly_static\" data-id=\"08f46c6\" data-element_type=\"column\">\n\t\t\t<div class=\"elementor-widget-wrap elementor-element-populated\">\n\t\t\t\t\t\t<div class=\"elementor-element elementor-element-026587e sc_height_huge sc_fly_static elementor-widget elementor-widget-spacer\" data-id=\"026587e\" data-element_type=\"widget\" data-widget_type=\"spacer.default\">\n\t\t\t\t<div class=\"elementor-widget-container\">\n\t\t\t\t\t\t\t<div class=\"elementor-spacer\">\n\t\t\t<div class=\"elementor-spacer-inner\"><\/div>\n\t\t<\/div>\n\t\t\t\t\t\t<\/div>\n\t\t\t\t<\/div>\n\t\t\t\t<div class=\"elementor-element elementor-element-a41da4d sc_height_huge sc_fly_static elementor-widget elementor-widget-spacer\" data-id=\"a41da4d\" data-element_type=\"widget\" data-widget_type=\"spacer.default\">\n\t\t\t\t<div class=\"elementor-widget-container\">\n\t\t\t\t\t\t\t<div class=\"elementor-spacer\">\n\t\t\t<div class=\"elementor-spacer-inner\"><\/div>\n\t\t<\/div>\n\t\t\t\t\t\t<\/div>\n\t\t\t\t<\/div>\n\t\t\t\t\t<\/div>\n\t\t<\/div>\n\t\t\t\t\t<\/div>\n\t\t<\/section>\n\t\t\t\t<\/div>","protected":false},"excerpt":{"rendered":"<p>Top solutions We develop modern manufacture Features Expert analysis ZGBK provides expert analysis on bearings and related machinery, delivering in-depth insights that help manufacturers optimize performance, reduce downtime, and make&hellip;<\/p>","protected":false},"author":1,"featured_media":0,"parent":0,"menu_order":0,"comment_status":"closed","ping_status":"closed","template":"","meta":{"_acf_changed":false,"footnotes":""},"class_list":["post-30340","page","type-page","status-publish","hentry"],"acf":[],"_links":{"self":[{"href":"https:\/\/zgbkbearings.com\/de\/wp-json\/wp\/v2\/pages\/30340","targetHints":{"allow":["GET"]}}],"collection":[{"href":"https:\/\/zgbkbearings.com\/de\/wp-json\/wp\/v2\/pages"}],"about":[{"href":"https:\/\/zgbkbearings.com\/de\/wp-json\/wp\/v2\/types\/page"}],"author":[{"embeddable":true,"href":"https:\/\/zgbkbearings.com\/de\/wp-json\/wp\/v2\/users\/1"}],"replies":[{"embeddable":true,"href":"https:\/\/zgbkbearings.com\/de\/wp-json\/wp\/v2\/comments?post=30340"}],"version-history":[{"count":12,"href":"https:\/\/zgbkbearings.com\/de\/wp-json\/wp\/v2\/pages\/30340\/revisions"}],"predecessor-version":[{"id":59249,"href":"https:\/\/zgbkbearings.com\/de\/wp-json\/wp\/v2\/pages\/30340\/revisions\/59249"}],"wp:attachment":[{"href":"https:\/\/zgbkbearings.com\/de\/wp-json\/wp\/v2\/media?parent=30340"}],"curies":[{"name":"wp","href":"https:\/\/api.w.org\/{rel}","templated":true}]}}